{"id":796,"date":"2024-04-16T11:03:53","date_gmt":"2024-04-16T11:03:53","guid":{"rendered":"https:\/\/www.itqc.org\/?page_id=796"},"modified":"2026-01-05T06:17:31","modified_gmt":"2026-01-05T06:17:31","slug":"impressum","status":"publish","type":"page","link":"https:\/\/www.itqc.org\/index.php\/impressum\/","title":{"rendered":"Impressum"},"content":{"rendered":"\t\t<div data-elementor-type=\"wp-page\" data-elementor-id=\"796\" class=\"elementor elementor-796\" data-elementor-post-type=\"page\">\n\t\t\t\t\t\t<section class=\"elementor-section elementor-top-section elementor-element elementor-element-d17ce83 elementor-section-boxed elementor-section-height-default elementor-section-height-default\" data-id=\"d17ce83\" data-element_type=\"section\" data-e-type=\"section\">\n\t\t\t\t\t\t<div class=\"elementor-container elementor-column-gap-default\">\n\t\t\t\t\t<div class=\"elementor-column elementor-col-100 elementor-top-column elementor-element elementor-element-a929c79\" data-id=\"a929c79\" data-element_type=\"column\" data-e-type=\"column\">\n\t\t\t<div class=\"elementor-widget-wrap elementor-element-populated\">\n\t\t\t\t\t\t<div class=\"elementor-element elementor-element-42ee2cc elementor-widget elementor-widget-text-editor\" data-id=\"42ee2cc\" data-element_type=\"widget\" data-e-type=\"widget\" data-widget_type=\"text-editor.default\">\n\t\t\t\t<div class=\"elementor-widget-container\">\n\t\t\t\t\t\t\t\t\t<div style=\"box-sizing: inherit; font-family: Roboto, sans-serif;\"><h5 style=\"box-sizing: inherit; font-size: 40px; margin: 0px 0px 0.5rem; padding: 0px; color: #265dbb; font-family: Roboto, sans-serif; line-height: 52px;\"><span style=\"color: #4a4a4a; font-size: 18px; font-weight: 400; letter-spacing: var( --e-global-typography-b2ce6af-letter-spacing ); word-spacing: var( --e-global-typography-b2ce6af-word-spacing );\">ITQC GmbH<\/span><\/h5><div style=\"box-sizing: inherit; overflow: hidden;\"><div style=\"box-sizing: inherit; clear: both;\"><p style=\"color: #4a4a4a; font-size: 18px; box-sizing: inherit; margin-right: 0px; margin-bottom: 1.25rem; margin-left: 0px; padding: 0px;\">Friedrichstr. 95 <br style=\"box-sizing: inherit;\" \/>10117 Berlin <br style=\"box-sizing: inherit;\" \/><br style=\"box-sizing: inherit;\" \/>Telefon +49 (30) 13881106 0 <br style=\"box-sizing: inherit;\" \/><br style=\"box-sizing: inherit;\" \/><a href=\"mailto:info@itqc.org\">info@itqc.org<\/a><\/p><p style=\"color: #4a4a4a; font-size: 18px; box-sizing: inherit; margin-right: 0px; margin-bottom: 1.25rem; margin-left: 0px; padding: 0px;\"><b>Gesch\u00e4ftsf\u00fchrer\u00a0<\/b><\/p><p style=\"box-sizing: inherit; margin-right: 0px; margin-bottom: 1.25rem; margin-left: 0px; padding: 0px;\"><span style=\"color: #4a4a4a;\"><span style=\"font-size: 18px;\">Christian Reif <br \/>Arndt Halbach <\/span><\/span><\/p><p><b>Handelsregister<br \/><\/b><span style=\"color: #4a4a4a; font-size: 18px; letter-spacing: var( --e-global-typography-b2ce6af-letter-spacing ); word-spacing: var( --e-global-typography-b2ce6af-word-spacing );\"><br \/><\/span><span style=\"letter-spacing: var( --e-global-typography-5d167aa-letter-spacing ); word-spacing: var( --e-global-typography-5d167aa-word-spacing );\"><span style=\"color: #4a4a4a;\"><span style=\"font-size: 18px;\">Amtsgericht Charlottenburg \/ HRB 280599 B <\/span><\/span><\/span><\/p><\/div><\/div><\/div><div style=\"box-sizing: inherit; color: #4a4a4a; font-family: Roboto, sans-serif; font-size: 18px;\"><div style=\"box-sizing: inherit; overflow: hidden;\"><div style=\"box-sizing: inherit; clear: both;\"><p style=\"box-sizing: inherit; margin-right: 0px; margin-bottom: 1.25rem; margin-left: 0px; padding: 0px;\">Umsatzsteueridentifikationsnummer DE 457778884 <br \/><span style=\"letter-spacing: var( --e-global-typography-b2ce6af-letter-spacing ); word-spacing: var( --e-global-typography-b2ce6af-word-spacing );\"><br \/><b>Bankverbindung<\/b><\/span><\/p><\/div><\/div><\/div><div style=\"box-sizing: inherit; color: #4a4a4a; font-family: Roboto, sans-serif; font-size: 18px;\"><div style=\"box-sizing: inherit; overflow: hidden;\"><div style=\"box-sizing: inherit; clear: both;\"><p style=\"box-sizing: inherit; margin-right: 0px; margin-bottom: 1.25rem; margin-left: 0px; padding: 0px;\">Volksbank im Bergischen Land eG <br style=\"box-sizing: inherit;\" \/>Bankleitzahl: 34060094<br style=\"box-sizing: inherit;\" \/>Konto-Nr. 2688216<br style=\"box-sizing: inherit;\" \/>IBAN: DE68 3406 0094 0002 6882 16 <br style=\"box-sizing: inherit;\" \/>BIC: VBRSDE33XXX<\/p><\/div><\/div><\/div><div style=\"box-sizing: inherit; color: #4a4a4a; font-family: Roboto, sans-serif; font-size: 18px;\"><div style=\"box-sizing: inherit; overflow: hidden;\"><div style=\"box-sizing: inherit; clear: both;\"><p style=\"box-sizing: inherit; margin-right: 0px; margin-bottom: 1.25rem; margin-left: 0px; padding: 0px;\"><b>Inhaltlich verantwortlich nach \u00a7 55 Abs. 2 RStV:<\/b><br \/>Arndt Halbach<br style=\"box-sizing: inherit;\" \/>Wetterauer Str. 6<br style=\"box-sizing: inherit;\" \/>42855 Remscheid<\/p><p style=\"box-sizing: inherit; margin-right: 0px; margin-bottom: 1.25rem; margin-left: 0px; padding: 0px;\">Telefon +49 (2191) 909 430<br style=\"box-sizing: inherit;\" \/>Telefax +49 (2191) 909 50 430<br style=\"box-sizing: inherit;\" \/>E-Mail: <a href=\"mailto:info@itqc.org\">info@itqc.org<\/a><\/p><\/div><\/div><\/div><div style=\"box-sizing: inherit; color: #4a4a4a; font-family: Roboto, sans-serif; font-size: 18px;\"><div style=\"box-sizing: inherit; overflow: hidden;\"><div style=\"box-sizing: inherit; clear: both;\"><p style=\"box-sizing: inherit; margin-right: 0px; margin-bottom: 1.25rem; margin-left: 0px; padding: 0px;\"><b>Haftungshinweis<\/b><br \/>Trotz sorgf\u00e4ltiger inhaltlicher Kontrolle \u00fcbernehmen wir keine Haftung f\u00fcr die Inhalte externer Links. F\u00fcr den Inhalt der verlinkten Seiten sind ausschlie\u00dflich deren Betreiber verantwortlich.<\/p><\/div><\/div><\/div><div style=\"box-sizing: inherit; color: #4a4a4a; font-family: Roboto, sans-serif; font-size: 18px;\"><div style=\"box-sizing: inherit; overflow: hidden;\"><div style=\"box-sizing: inherit; clear: both;\">\u00a0<\/div><\/div><\/div>\t\t\t\t\t\t\t\t<\/div>\n\t\t\t\t<\/div>\n\t\t\t\t\t<\/div>\n\t\t<\/div>\n\t\t\t\t\t<\/div>\n\t\t<\/section>\n\t\t\t\t<\/div>\n\t\t","protected":false},"excerpt":{"rendered":"<p>ITQC GmbH Friedrichstr. 95 10117 Berlin Telefon +49 (30) 13881106 0 info@itqc.org Gesch\u00e4ftsf\u00fchrer\u00a0 Christian Reif Arndt Halbach HandelsregisterAmtsgericht Charlottenburg \/ HRB 280599 B Umsatzsteueridentifikationsnummer DE 457778884 Bankverbindung Volksbank im Bergischen Land eG Bankleitzahl: 34060094Konto-Nr. 2688216IBAN: DE68 3406 0094 0002 6882 16 BIC: VBRSDE33XXX Inhaltlich verantwortlich nach \u00a7 55 Abs. 2 RStV:Arndt HalbachWetterauer Str. 642855 Remscheid [&hellip;]<\/p>\n","protected":false},"author":5,"featured_media":0,"parent":0,"menu_order":0,"comment_status":"closed","ping_status":"closed","template":"","meta":{"footnotes":""},"class_list":["post-796","page","type-page","status-publish","hentry"],"_links":{"self":[{"href":"https:\/\/www.itqc.org\/index.php\/wp-json\/wp\/v2\/pages\/796","targetHints":{"allow":["GET"]}}],"collection":[{"href":"https:\/\/www.itqc.org\/index.php\/wp-json\/wp\/v2\/pages"}],"about":[{"href":"https:\/\/www.itqc.org\/index.php\/wp-json\/wp\/v2\/types\/page"}],"author":[{"embeddable":true,"href":"https:\/\/www.itqc.org\/index.php\/wp-json\/wp\/v2\/users\/5"}],"replies":[{"embeddable":true,"href":"https:\/\/www.itqc.org\/index.php\/wp-json\/wp\/v2\/comments?post=796"}],"version-history":[{"count":7,"href":"https:\/\/www.itqc.org\/index.php\/wp-json\/wp\/v2\/pages\/796\/revisions"}],"predecessor-version":[{"id":7278,"href":"https:\/\/www.itqc.org\/index.php\/wp-json\/wp\/v2\/pages\/796\/revisions\/7278"}],"wp:attachment":[{"href":"https:\/\/www.itqc.org\/index.php\/wp-json\/wp\/v2\/media?parent=796"}],"curies":[{"name":"wp","href":"https:\/\/api.w.org\/{rel}","templated":true}]}}